{"id":7676,"date":"2025-07-26T15:40:22","date_gmt":"2025-07-26T13:40:22","guid":{"rendered":"https:\/\/www.componeers.net\/?post_type=product&#038;p=7676"},"modified":"2025-07-26T17:11:06","modified_gmt":"2025-07-26T15:11:06","slug":"elektronik","status":"publish","type":"product","link":"https:\/\/www.componeers.net\/en\/produkt\/elektronik\/","title":{"rendered":"Elektronik"},"content":{"rendered":"<p style=\"font-weight: 400;\">Das Fachmedium Elektronik informiert analog zu den Gesch\u00e4ftsmodellen von Herstellern und Distributoren und berichtet \u00fcber L\u00f6sungen und Komponenten in der professionellen Elektronik.<\/p>\n<p style=\"font-weight: 400;\">Erscheinungsweise: zweiw\u00f6chentlich<\/p>\n<p>Sie erhalten nach der Bestellung eine E-Mail von unserem Kundenservice zur Zahlungsabwicklung.<\/p>\n<h2>Versand und Zahlung<\/h2>\n<hr \/>\n<p>Alle Abonnements werden gegen Rechnung berechnet.<br \/>\nDie Berechnung erfolgt zum Monatsende nach Beginn des Abonnements.<br \/>\nVersandkosten sind in den Preisen der Abonnements inkludiert.<\/p>\n<p>Preise inkl. MwSt. zzgl. Versandkosten<\/p>\n","protected":false},"excerpt":{"rendered":"<p style=\"font-weight: 400;\">Das Fachmedium Elektronik informiert analog zu den Gesch\u00e4ftsmodellen von Herstellern und Distributoren und berichtet \u00fcber L\u00f6sungen und Komponenten in der professionellen Elektronik.<\/p>\n<p style=\"font-weight: 400;\">Erscheinungsweise: zweiw\u00f6chentlich<\/p>\n<p>Sie erhalten nach der Bestellung eine E-Mail von unserem Kundenservice zur Zahlungsabwicklung.<\/p>\n<p>Alle Abonnements werden gegen Rechnung berechnet.<br \/>\nDie Berechnung erfolgt zum Monatsende nach Beginn des Abonnements.<br \/>\nVersandkosten sind in den Preisen der Abonnements inkludiert.<\/p>\n<p>Preise inkl. MwSt. zzgl. Versandkosten<\/p>\n","protected":false},"featured_media":7679,"comment_status":"closed","ping_status":"closed","template":"","meta":[],"product_brand":[214],"product_cat":[],"product_tag":[],"class_list":{"0":"post-7676","1":"product","2":"type-product","3":"status-publish","4":"has-post-thumbnail","6":"product_brand-magazin-abo","8":"first","9":"instock","10":"taxable","11":"shipping-taxable","12":"purchasable","13":"product-type-variable"},"yoast_head":"<!-- This site is optimized with the Yoast SEO plugin v25.9 - https:\/\/yoast.com\/wordpress\/plugins\/seo\/ -->\n<title>Elektronik - Componeers GmbH<\/title>\n<meta name=\"robots\" content=\"index, follow, max-snippet:-1, max-image-preview:large, max-video-preview:-1\" \/>\n<link rel=\"canonical\" href=\"https:\/\/www.componeers.net\/en\/produkt\/elektronik\/\" \/>\n<meta property=\"og:locale\" content=\"en_US\" \/>\n<meta property=\"og:type\" content=\"article\" \/>\n<meta property=\"og:title\" content=\"Elektronik - Componeers GmbH\" \/>\n<meta property=\"og:description\" content=\"Das Fachmedium Elektronik informiert analog zu den Gesch\u00e4ftsmodellen von Herstellern und Distributoren und berichtet \u00fcber L\u00f6sungen und Komponenten in der professionellen Elektronik. Erscheinungsweise: zweiw\u00f6chentlich Sie erhalten nach der Bestellung eine E-Mail von unserem Kundenservice zur Zahlungsabwicklung.  Alle Abonnements werden gegen Rechnung berechnet. Die Berechnung erfolgt zum Monatsende nach Beginn des Abonnements. Versandkosten sind in den Preisen der Abonnements inkludiert.  Preise inkl. MwSt. zzgl. Versandkosten\" \/>\n<meta property=\"og:url\" content=\"https:\/\/www.componeers.net\/en\/produkt\/elektronik\/\" \/>\n<meta property=\"og:site_name\" content=\"Componeers GmbH\" \/>\n<meta property=\"article:modified_time\" content=\"2025-07-26T15:11:06+00:00\" \/>\n<meta property=\"og:image\" content=\"https:\/\/www.componeers.net\/wp-content\/uploads\/2025\/07\/Titel_Elektronik-2025-12-13-scaled.jpg\" \/>\n\t<meta property=\"og:image:width\" content=\"1810\" \/>\n\t<meta property=\"og:image:height\" content=\"2560\" \/>\n\t<meta property=\"og:image:type\" content=\"image\/jpeg\" \/>\n<meta name=\"twitter:card\" content=\"summary_large_image\" \/>\n<meta name=\"twitter:label1\" content=\"Est. reading time\" \/>\n\t<meta name=\"twitter:data1\" content=\"1 minute\" \/>\n<script type=\"application\/ld+json\" class=\"yoast-schema-graph\">{\"@context\":\"https:\/\/schema.org\",\"@graph\":[{\"@type\":\"WebPage\",\"@id\":\"https:\/\/www.componeers.net\/en\/produkt\/elektronik\/\",\"url\":\"https:\/\/www.componeers.net\/en\/produkt\/elektronik\/\",\"name\":\"Elektronik - Componeers GmbH\",\"isPartOf\":{\"@id\":\"https:\/\/www.componeers.net\/en\/#website\"},\"primaryImageOfPage\":{\"@id\":\"https:\/\/www.componeers.net\/en\/produkt\/elektronik\/#primaryimage\"},\"image\":{\"@id\":\"https:\/\/www.componeers.net\/en\/produkt\/elektronik\/#primaryimage\"},\"thumbnailUrl\":\"https:\/\/www.componeers.net\/wp-content\/uploads\/2025\/07\/Titel_Elektronik-2025-12-13-scaled.jpg\",\"datePublished\":\"2025-07-26T13:40:22+00:00\",\"dateModified\":\"2025-07-26T15:11:06+00:00\",\"breadcrumb\":{\"@id\":\"https:\/\/www.componeers.net\/en\/produkt\/elektronik\/#breadcrumb\"},\"inLanguage\":\"en-US\",\"potentialAction\":[{\"@type\":\"ReadAction\",\"target\":[\"https:\/\/www.componeers.net\/en\/produkt\/elektronik\/\"]}]},{\"@type\":\"ImageObject\",\"inLanguage\":\"en-US\",\"@id\":\"https:\/\/www.componeers.net\/en\/produkt\/elektronik\/#primaryimage\",\"url\":\"https:\/\/www.componeers.net\/wp-content\/uploads\/2025\/07\/Titel_Elektronik-2025-12-13-scaled.jpg\",\"contentUrl\":\"https:\/\/www.componeers.net\/wp-content\/uploads\/2025\/07\/Titel_Elektronik-2025-12-13-scaled.jpg\",\"width\":1810,\"height\":2560},{\"@type\":\"BreadcrumbList\",\"@id\":\"https:\/\/www.componeers.net\/en\/produkt\/elektronik\/#breadcrumb\",\"itemListElement\":[{\"@type\":\"ListItem\",\"position\":1,\"name\":\"Startseite\",\"item\":\"https:\/\/www.componeers.net\/en\/componeers\/\"},{\"@type\":\"ListItem\",\"position\":2,\"name\":\"Shop\",\"item\":\"https:\/\/www.componeers.net\/shop\/\"},{\"@type\":\"ListItem\",\"position\":3,\"name\":\"Elektronik\"}]},{\"@type\":\"WebSite\",\"@id\":\"https:\/\/www.componeers.net\/en\/#website\",\"url\":\"https:\/\/www.componeers.net\/en\/\",\"name\":\"Componeers GmbH\",\"description\":\"\",\"potentialAction\":[{\"@type\":\"SearchAction\",\"target\":{\"@type\":\"EntryPoint\",\"urlTemplate\":\"https:\/\/www.componeers.net\/en\/?s={search_term_string}\"},\"query-input\":{\"@type\":\"PropertyValueSpecification\",\"valueRequired\":true,\"valueName\":\"search_term_string\"}}],\"inLanguage\":\"en-US\"}]}<\/script>\n<!-- \/ Yoast SEO plugin. -->","yoast_head_json":{"title":"Elektronik - Componeers GmbH","robots":{"index":"index","follow":"follow","max-snippet":"max-snippet:-1","max-image-preview":"max-image-preview:large","max-video-preview":"max-video-preview:-1"},"canonical":"https:\/\/www.componeers.net\/en\/produkt\/elektronik\/","og_locale":"en_US","og_type":"article","og_title":"Elektronik - Componeers GmbH","og_description":"Das Fachmedium Elektronik informiert analog zu den Gesch\u00e4ftsmodellen von Herstellern und Distributoren und berichtet \u00fcber L\u00f6sungen und Komponenten in der professionellen Elektronik. Erscheinungsweise: zweiw\u00f6chentlich Sie erhalten nach der Bestellung eine E-Mail von unserem Kundenservice zur Zahlungsabwicklung.  Alle Abonnements werden gegen Rechnung berechnet. Die Berechnung erfolgt zum Monatsende nach Beginn des Abonnements. Versandkosten sind in den Preisen der Abonnements inkludiert.  Preise inkl. MwSt. zzgl. Versandkosten","og_url":"https:\/\/www.componeers.net\/en\/produkt\/elektronik\/","og_site_name":"Componeers GmbH","article_modified_time":"2025-07-26T15:11:06+00:00","og_image":[{"width":1810,"height":2560,"url":"https:\/\/www.componeers.net\/wp-content\/uploads\/2025\/07\/Titel_Elektronik-2025-12-13-scaled.jpg","type":"image\/jpeg"}],"twitter_card":"summary_large_image","twitter_misc":{"Est. reading time":"1 minute"},"schema":{"@context":"https:\/\/schema.org","@graph":[{"@type":"WebPage","@id":"https:\/\/www.componeers.net\/en\/produkt\/elektronik\/","url":"https:\/\/www.componeers.net\/en\/produkt\/elektronik\/","name":"Elektronik - Componeers GmbH","isPartOf":{"@id":"https:\/\/www.componeers.net\/en\/#website"},"primaryImageOfPage":{"@id":"https:\/\/www.componeers.net\/en\/produkt\/elektronik\/#primaryimage"},"image":{"@id":"https:\/\/www.componeers.net\/en\/produkt\/elektronik\/#primaryimage"},"thumbnailUrl":"https:\/\/www.componeers.net\/wp-content\/uploads\/2025\/07\/Titel_Elektronik-2025-12-13-scaled.jpg","datePublished":"2025-07-26T13:40:22+00:00","dateModified":"2025-07-26T15:11:06+00:00","breadcrumb":{"@id":"https:\/\/www.componeers.net\/en\/produkt\/elektronik\/#breadcrumb"},"inLanguage":"en-US","potentialAction":[{"@type":"ReadAction","target":["https:\/\/www.componeers.net\/en\/produkt\/elektronik\/"]}]},{"@type":"ImageObject","inLanguage":"en-US","@id":"https:\/\/www.componeers.net\/en\/produkt\/elektronik\/#primaryimage","url":"https:\/\/www.componeers.net\/wp-content\/uploads\/2025\/07\/Titel_Elektronik-2025-12-13-scaled.jpg","contentUrl":"https:\/\/www.componeers.net\/wp-content\/uploads\/2025\/07\/Titel_Elektronik-2025-12-13-scaled.jpg","width":1810,"height":2560},{"@type":"BreadcrumbList","@id":"https:\/\/www.componeers.net\/en\/produkt\/elektronik\/#breadcrumb","itemListElement":[{"@type":"ListItem","position":1,"name":"Startseite","item":"https:\/\/www.componeers.net\/en\/componeers\/"},{"@type":"ListItem","position":2,"name":"Shop","item":"https:\/\/www.componeers.net\/shop\/"},{"@type":"ListItem","position":3,"name":"Elektronik"}]},{"@type":"WebSite","@id":"https:\/\/www.componeers.net\/en\/#website","url":"https:\/\/www.componeers.net\/en\/","name":"Componeers GmbH","description":"","potentialAction":[{"@type":"SearchAction","target":{"@type":"EntryPoint","urlTemplate":"https:\/\/www.componeers.net\/en\/?s={search_term_string}"},"query-input":{"@type":"PropertyValueSpecification","valueRequired":true,"valueName":"search_term_string"}}],"inLanguage":"en-US"}]}},"_links":{"self":[{"href":"https:\/\/www.componeers.net\/en\/wp-json\/wp\/v2\/product\/7676","targetHints":{"allow":["GET"]}}],"collection":[{"href":"https:\/\/www.componeers.net\/en\/wp-json\/wp\/v2\/product"}],"about":[{"href":"https:\/\/www.componeers.net\/en\/wp-json\/wp\/v2\/types\/product"}],"replies":[{"embeddable":true,"href":"https:\/\/www.componeers.net\/en\/wp-json\/wp\/v2\/comments?post=7676"}],"wp:featuredmedia":[{"embeddable":true,"href":"https:\/\/www.componeers.net\/en\/wp-json\/wp\/v2\/media\/7679"}],"wp:attachment":[{"href":"https:\/\/www.componeers.net\/en\/wp-json\/wp\/v2\/media?parent=7676"}],"wp:term":[{"taxonomy":"product_brand","embeddable":true,"href":"https:\/\/www.componeers.net\/en\/wp-json\/wp\/v2\/product_brand?post=7676"},{"taxonomy":"product_cat","embeddable":true,"href":"https:\/\/www.componeers.net\/en\/wp-json\/wp\/v2\/product_cat?post=7676"},{"taxonomy":"product_tag","embeddable":true,"href":"https:\/\/www.componeers.net\/en\/wp-json\/wp\/v2\/product_tag?post=7676"}],"curies":[{"name":"wp","href":"https:\/\/api.w.org\/{rel}","templated":true}]}}