{"id":7669,"date":"2025-07-26T15:00:18","date_gmt":"2025-07-26T13:00:18","guid":{"rendered":"https:\/\/www.componeers.net\/?post_type=product&#038;p=7669"},"modified":"2025-07-26T17:14:19","modified_gmt":"2025-07-26T15:14:19","slug":"markttechnik","status":"publish","type":"product","link":"https:\/\/www.componeers.net\/en\/produkt\/markttechnik\/","title":{"rendered":"Markt&#038;Technik"},"content":{"rendered":"<p style=\"font-weight: 400;\">Die Wochenzeitung f\u00fcr Elektronik, berichtet \u00fcber das Marktgeschehen, Technik-Trends, Innovationen, Management, neue Produkte und Hintergr\u00fcnde in der Elektronik-Industrie. Markt\u00fcbersichten und Schwerpunktberichte bieten einen umfassenden \u00dcberblick.<\/p>\n<p style=\"font-weight: 400;\">Erscheinungsweise: w\u00f6chentlich<\/p>\n<p>Sie erhalten nach der Bestellung eine E-Mail von unserem Kundenservice zur Zahlungsabwicklung.<\/p>\n<h2>Versand und Zahlung<\/h2>\n<hr \/>\n<p>Alle Abonnements werden gegen Rechnung berechnet.<br \/>\nDie Berechnung erfolgt zum Monatsende nach Beginn des Abonnements.<br \/>\nVersandkosten sind in den Preisen der Abonnements inkludiert.<\/p>\n<p>Preise inkl. MwSt. zzgl. Versandkosten<\/p>\n","protected":false},"excerpt":{"rendered":"<p>Die Wochenzeitung f\u00fcr Elektronik, berichtet \u00fcber das Marktgeschehen, Technik-Trends, Innovationen, Management, neue Produkte und Hintergr\u00fcnde in der Elektronik-Industrie. Markt\u00fcbersichten und Schwerpunktberichte bieten einen umfassenden \u00dcberblick.<\/p>\n<p>Sie erhalten nach der Bestellung eine E-Mail von unserem Kundenservice zur Zahlungsabwicklung.<\/p>\n<p>Alle Abonnements werden gegen Rechnung berechnet.<br \/>\nDie Berechnung erfolgt zum Monatsende nach Beginn des Abonnements.<br \/>\nVersandkosten sind in den Preisen der Abonnements inkludiert.<\/p>\n<p>Preise inkl. MwSt. zzgl. Versandkosten<\/p>\n<p>&nbsp;<\/p>\n","protected":false},"featured_media":7670,"comment_status":"open","ping_status":"closed","template":"","meta":[],"product_brand":[],"product_cat":[],"product_tag":[209],"class_list":{"0":"post-7669","1":"product","2":"type-product","3":"status-publish","4":"has-post-thumbnail","6":"product_tag-mt","8":"first","9":"instock","10":"taxable","11":"shipping-taxable","12":"purchasable","13":"product-type-variable"},"yoast_head":"<!-- This site is optimized with the Yoast SEO plugin v25.9 - https:\/\/yoast.com\/wordpress\/plugins\/seo\/ -->\n<title>Markt&amp;Technik - Componeers GmbH<\/title>\n<meta name=\"robots\" content=\"index, follow, max-snippet:-1, max-image-preview:large, max-video-preview:-1\" \/>\n<link rel=\"canonical\" href=\"https:\/\/www.componeers.net\/en\/produkt\/markttechnik\/\" \/>\n<meta property=\"og:locale\" content=\"en_US\" \/>\n<meta property=\"og:type\" content=\"article\" \/>\n<meta property=\"og:title\" content=\"Markt&amp;Technik - Componeers GmbH\" \/>\n<meta property=\"og:description\" content=\"Die Wochenzeitung f\u00fcr Elektronik, berichtet \u00fcber das Marktgeschehen, Technik-Trends, Innovationen, Management, neue Produkte und Hintergr\u00fcnde in der Elektronik-Industrie. Markt\u00fcbersichten und Schwerpunktberichte bieten einen umfassenden \u00dcberblick.  Sie erhalten nach der Bestellung eine E-Mail von unserem Kundenservice zur Zahlungsabwicklung.  Alle Abonnements werden gegen Rechnung berechnet. Die Berechnung erfolgt zum Monatsende nach Beginn des Abonnements. Versandkosten sind in den Preisen der Abonnements inkludiert.  Preise inkl. MwSt. zzgl. Versandkosten  &nbsp;\" \/>\n<meta property=\"og:url\" content=\"https:\/\/www.componeers.net\/en\/produkt\/markttechnik\/\" \/>\n<meta property=\"og:site_name\" content=\"Componeers GmbH\" \/>\n<meta property=\"article:modified_time\" content=\"2025-07-26T15:14:19+00:00\" \/>\n<meta property=\"og:image\" content=\"https:\/\/www.componeers.net\/wp-content\/uploads\/2025\/07\/Titel_MT-2025-16-scaled.jpg\" \/>\n\t<meta property=\"og:image:width\" content=\"1983\" \/>\n\t<meta property=\"og:image:height\" content=\"2560\" \/>\n\t<meta property=\"og:image:type\" content=\"image\/jpeg\" \/>\n<meta name=\"twitter:card\" content=\"summary_large_image\" \/>\n<meta name=\"twitter:label1\" content=\"Est. reading time\" \/>\n\t<meta name=\"twitter:data1\" content=\"1 minute\" \/>\n<script type=\"application\/ld+json\" class=\"yoast-schema-graph\">{\"@context\":\"https:\/\/schema.org\",\"@graph\":[{\"@type\":\"WebPage\",\"@id\":\"https:\/\/www.componeers.net\/en\/produkt\/markttechnik\/\",\"url\":\"https:\/\/www.componeers.net\/en\/produkt\/markttechnik\/\",\"name\":\"Markt&Technik - Componeers GmbH\",\"isPartOf\":{\"@id\":\"https:\/\/www.componeers.net\/en\/#website\"},\"primaryImageOfPage\":{\"@id\":\"https:\/\/www.componeers.net\/en\/produkt\/markttechnik\/#primaryimage\"},\"image\":{\"@id\":\"https:\/\/www.componeers.net\/en\/produkt\/markttechnik\/#primaryimage\"},\"thumbnailUrl\":\"https:\/\/www.componeers.net\/wp-content\/uploads\/2025\/07\/Titel_MT-2025-16.jpg\",\"datePublished\":\"2025-07-26T13:00:18+00:00\",\"dateModified\":\"2025-07-26T15:14:19+00:00\",\"breadcrumb\":{\"@id\":\"https:\/\/www.componeers.net\/en\/produkt\/markttechnik\/#breadcrumb\"},\"inLanguage\":\"en-US\",\"potentialAction\":[{\"@type\":\"ReadAction\",\"target\":[\"https:\/\/www.componeers.net\/en\/produkt\/markttechnik\/\"]}]},{\"@type\":\"ImageObject\",\"inLanguage\":\"en-US\",\"@id\":\"https:\/\/www.componeers.net\/en\/produkt\/markttechnik\/#primaryimage\",\"url\":\"https:\/\/www.componeers.net\/wp-content\/uploads\/2025\/07\/Titel_MT-2025-16.jpg\",\"contentUrl\":\"https:\/\/www.componeers.net\/wp-content\/uploads\/2025\/07\/Titel_MT-2025-16.jpg\",\"width\":1983,\"height\":2560},{\"@type\":\"BreadcrumbList\",\"@id\":\"https:\/\/www.componeers.net\/en\/produkt\/markttechnik\/#breadcrumb\",\"itemListElement\":[{\"@type\":\"ListItem\",\"position\":1,\"name\":\"Startseite\",\"item\":\"https:\/\/www.componeers.net\/en\/componeers\/\"},{\"@type\":\"ListItem\",\"position\":2,\"name\":\"Shop\",\"item\":\"https:\/\/www.componeers.net\/shop\/\"},{\"@type\":\"ListItem\",\"position\":3,\"name\":\"Markt&#038;Technik\"}]},{\"@type\":\"WebSite\",\"@id\":\"https:\/\/www.componeers.net\/en\/#website\",\"url\":\"https:\/\/www.componeers.net\/en\/\",\"name\":\"Componeers GmbH\",\"description\":\"\",\"potentialAction\":[{\"@type\":\"SearchAction\",\"target\":{\"@type\":\"EntryPoint\",\"urlTemplate\":\"https:\/\/www.componeers.net\/en\/?s={search_term_string}\"},\"query-input\":{\"@type\":\"PropertyValueSpecification\",\"valueRequired\":true,\"valueName\":\"search_term_string\"}}],\"inLanguage\":\"en-US\"}]}<\/script>\n<!-- \/ Yoast SEO plugin. -->","yoast_head_json":{"title":"Markt&Technik - Componeers GmbH","robots":{"index":"index","follow":"follow","max-snippet":"max-snippet:-1","max-image-preview":"max-image-preview:large","max-video-preview":"max-video-preview:-1"},"canonical":"https:\/\/www.componeers.net\/en\/produkt\/markttechnik\/","og_locale":"en_US","og_type":"article","og_title":"Markt&Technik - Componeers GmbH","og_description":"Die Wochenzeitung f\u00fcr Elektronik, berichtet \u00fcber das Marktgeschehen, Technik-Trends, Innovationen, Management, neue Produkte und Hintergr\u00fcnde in der Elektronik-Industrie. Markt\u00fcbersichten und Schwerpunktberichte bieten einen umfassenden \u00dcberblick.  Sie erhalten nach der Bestellung eine E-Mail von unserem Kundenservice zur Zahlungsabwicklung.  Alle Abonnements werden gegen Rechnung berechnet. Die Berechnung erfolgt zum Monatsende nach Beginn des Abonnements. Versandkosten sind in den Preisen der Abonnements inkludiert.  Preise inkl. MwSt. zzgl. Versandkosten  &nbsp;","og_url":"https:\/\/www.componeers.net\/en\/produkt\/markttechnik\/","og_site_name":"Componeers GmbH","article_modified_time":"2025-07-26T15:14:19+00:00","og_image":[{"width":1983,"height":2560,"url":"https:\/\/www.componeers.net\/wp-content\/uploads\/2025\/07\/Titel_MT-2025-16-scaled.jpg","type":"image\/jpeg"}],"twitter_card":"summary_large_image","twitter_misc":{"Est. reading time":"1 minute"},"schema":{"@context":"https:\/\/schema.org","@graph":[{"@type":"WebPage","@id":"https:\/\/www.componeers.net\/en\/produkt\/markttechnik\/","url":"https:\/\/www.componeers.net\/en\/produkt\/markttechnik\/","name":"Markt&Technik - Componeers GmbH","isPartOf":{"@id":"https:\/\/www.componeers.net\/en\/#website"},"primaryImageOfPage":{"@id":"https:\/\/www.componeers.net\/en\/produkt\/markttechnik\/#primaryimage"},"image":{"@id":"https:\/\/www.componeers.net\/en\/produkt\/markttechnik\/#primaryimage"},"thumbnailUrl":"https:\/\/www.componeers.net\/wp-content\/uploads\/2025\/07\/Titel_MT-2025-16.jpg","datePublished":"2025-07-26T13:00:18+00:00","dateModified":"2025-07-26T15:14:19+00:00","breadcrumb":{"@id":"https:\/\/www.componeers.net\/en\/produkt\/markttechnik\/#breadcrumb"},"inLanguage":"en-US","potentialAction":[{"@type":"ReadAction","target":["https:\/\/www.componeers.net\/en\/produkt\/markttechnik\/"]}]},{"@type":"ImageObject","inLanguage":"en-US","@id":"https:\/\/www.componeers.net\/en\/produkt\/markttechnik\/#primaryimage","url":"https:\/\/www.componeers.net\/wp-content\/uploads\/2025\/07\/Titel_MT-2025-16.jpg","contentUrl":"https:\/\/www.componeers.net\/wp-content\/uploads\/2025\/07\/Titel_MT-2025-16.jpg","width":1983,"height":2560},{"@type":"BreadcrumbList","@id":"https:\/\/www.componeers.net\/en\/produkt\/markttechnik\/#breadcrumb","itemListElement":[{"@type":"ListItem","position":1,"name":"Startseite","item":"https:\/\/www.componeers.net\/en\/componeers\/"},{"@type":"ListItem","position":2,"name":"Shop","item":"https:\/\/www.componeers.net\/shop\/"},{"@type":"ListItem","position":3,"name":"Markt&#038;Technik"}]},{"@type":"WebSite","@id":"https:\/\/www.componeers.net\/en\/#website","url":"https:\/\/www.componeers.net\/en\/","name":"Componeers GmbH","description":"","potentialAction":[{"@type":"SearchAction","target":{"@type":"EntryPoint","urlTemplate":"https:\/\/www.componeers.net\/en\/?s={search_term_string}"},"query-input":{"@type":"PropertyValueSpecification","valueRequired":true,"valueName":"search_term_string"}}],"inLanguage":"en-US"}]}},"_links":{"self":[{"href":"https:\/\/www.componeers.net\/en\/wp-json\/wp\/v2\/product\/7669","targetHints":{"allow":["GET"]}}],"collection":[{"href":"https:\/\/www.componeers.net\/en\/wp-json\/wp\/v2\/product"}],"about":[{"href":"https:\/\/www.componeers.net\/en\/wp-json\/wp\/v2\/types\/product"}],"replies":[{"embeddable":true,"href":"https:\/\/www.componeers.net\/en\/wp-json\/wp\/v2\/comments?post=7669"}],"wp:featuredmedia":[{"embeddable":true,"href":"https:\/\/www.componeers.net\/en\/wp-json\/wp\/v2\/media\/7670"}],"wp:attachment":[{"href":"https:\/\/www.componeers.net\/en\/wp-json\/wp\/v2\/media?parent=7669"}],"wp:term":[{"taxonomy":"product_brand","embeddable":true,"href":"https:\/\/www.componeers.net\/en\/wp-json\/wp\/v2\/product_brand?post=7669"},{"taxonomy":"product_cat","embeddable":true,"href":"https:\/\/www.componeers.net\/en\/wp-json\/wp\/v2\/product_cat?post=7669"},{"taxonomy":"product_tag","embeddable":true,"href":"https:\/\/www.componeers.net\/en\/wp-json\/wp\/v2\/product_tag?post=7669"}],"curies":[{"name":"wp","href":"https:\/\/api.w.org\/{rel}","templated":true}]}}